{"id":3473,"date":"2023-09-21T14:44:06","date_gmt":"2023-09-21T14:44:06","guid":{"rendered":"https:\/\/nelvaresort.com\/?post_type=product&#038;p=3473"},"modified":"2025-12-04T15:56:31","modified_gmt":"2025-12-04T15:56:31","slug":"pack-escapada-3-dias-en-pareja-2-personas","status":"publish","type":"product","link":"https:\/\/nelvaresort.com\/fr\/pack\/pack-escapada-3-dias-en-pareja-2-personas\/","title":{"rendered":"Pack Escapade 3 nuits en couple"},"content":{"rendered":"<h2><strong>Que comprend notre Pack Escapade ? <\/strong><strong>3 nuits <\/strong><strong>en couple?<\/strong><\/h2>\n<ul>\n<li>3 nuits dans un appartement d&#039;une chambre avec cuisine, salon et salle de bain (certains avec balcon ou terrasse)<\/li>\n<li>Petit-d\u00e9jeuner buffet pendant 3 jours pour 2 personnes<\/li>\n<li>D\u00e9part tardif (sous r\u00e9serve de disponibilit\u00e9 de l&#039;h\u00f4tel)<\/li>\n<\/ul>\n<p><strong><strong style=\"font-size: 16px;\"><b>Caract\u00e9ristiques du <\/b><\/strong>H\u00f4tel Nelva\u00a0:<\/strong>\u00a0C&#039;est un beau complexe qui dispose de 60 appartements spacieux de 1, 2 ou 3 chambres, enti\u00e8rement \u00e9quip\u00e9s, avec un Bar et Restaurant avec terrasse, piscine, solarium et parking ext\u00e9rieur.<\/p>\n<p><b>Caract\u00e9ristiques des Appartements 1 chambre : <\/b>Appartements d&#039;une chambre, situ\u00e9s au deuxi\u00e8me \u00e9tage du complexe, dont 6 offrent des vues spectaculaires sur la plage, avec balcon ou terrasse. Tous ont une superficie de 45m2.<\/p>\n<p><strong>Disponibilit\u00e9:\u00a0<\/strong>Pack disponible en mai, juin, septembre et octobre selon la saison que vous aurez choisie. <span class=\"OYPEnA text-decoration-none text-strikethrough-none\">Ce Ch\u00e8que a une dur\u00e9e d&#039;expiration de 1 an, \u00e0 compter du jour de l&#039;achat.<\/span><\/p>\n<p><strong>Quels jours le bonus est-il valable ?<\/strong> Vous pouvez utiliser votre bonus n&#039;importe quel jour de la semaine.<\/p>\n<p><strong>Comment vais-je recevoir le bonus ? <\/strong>Une fois que vous aurez achet\u00e9 le ch\u00e8que cadeau, vous recevrez un ch\u00e8que au format PDF par l&#039;e-mail que vous avez joint.<\/p>\n<p><strong>Comment utiliser le bon ? <\/strong>Afin d&#039;utiliser le bon et d&#039;effectuer la r\u00e9servation, vous devrez appeler le num\u00e9ro de t\u00e9l\u00e9phone de l&#039;h\u00f4tel. <a href=\"tel:+34 871 719 563\">(+34)\u00a0871 719 563<\/a> ou envoyez un email \u00e0 <a href=\"mailto:reservas@nelvaresort.com\">reservas@nelvaresort.com<\/a> disant les jours que tu veux. Ensuite, un email vous sera envoy\u00e9 confirmant votre r\u00e9servation.<\/p>\n<p><span class=\"OYPEnA text-decoration-none text-strikethrough-none\">**<strong>Saisons<\/strong>: <strong>Basse saison<\/strong> (mai et octobre) | <strong>mi-saison<\/strong> (du 1er au 20 juin et du 18 au 30 septembre)<\/span><\/p>","protected":false},"excerpt":{"rendered":"<p>Obtenir votre <strong>Pack Escapade 3 nuits pour couples \u00e0 l&#039;Aparthotel Nelva Resort<\/strong>. Id\u00e9al pour d\u00e9connecter et profiter d&#039;une escapade magique en couple \u00e0 Minorque.<\/p>\n<p>Choisissez la saison que vous pr\u00e9f\u00e9rez et vous verrez automatiquement le prix.<\/p>","protected":false},"featured_media":3441,"comment_status":"closed","ping_status":"closed","template":"","meta":{"site-sidebar-layout":"default","site-content-layout":"default","ast-site-content-layout":"default","site-content-style":"default","site-sidebar-style":"default","ast-global-header-display":"","ast-banner-title-visibility":"","ast-main-header-display":"","ast-hfb-above-header-display":"","ast-hfb-below-header-display":"","ast-hfb-mobile-header-display":"","site-post-title":"","ast-breadcrumbs-content":"","ast-featured-img":"","footer-sml-layout":"","theme-transparent-header-meta":"default","adv-header-id-meta":"","stick-header-meta":"default","header-above-stick-meta":"","header-main-stick-meta":"","header-below-stick-meta":"","astra-migrate-meta-layouts":"set","ast-page-background-enabled":"default","ast-page-background-meta":{"desktop":{"background-color":"","background-image":"","background-repeat":"repeat","background-position":"center center","background-size":"auto","background-attachment":"scroll","background-type":"","background-media":"","overlay-type":"","overlay-color":"","overlay-opacity":"","overlay-gradient":""},"tablet":{"background-color":"","background-image":"","background-repeat":"repeat","background-position":"center center","background-size":"auto","background-attachment":"scroll","background-type":"","background-media":"","overlay-type":"","overlay-color":"","overlay-opacity":"","overlay-gradient":""},"mobile":{"background-color":"","background-image":"","background-repeat":"repeat","background-position":"center center","background-size":"auto","background-attachment":"scroll","background-type":"","background-media":"","overlay-type":"","overlay-color":"","overlay-opacity":"","overlay-gradient":""}},"ast-content-background-meta":{"desktop":{"background-color":"var(--ast-global-color-5)","background-image":"","background-repeat":"repeat","background-position":"center center","background-size":"auto","background-attachment":"scroll","background-type":"","background-media":"","overlay-type":"","overlay-color":"","overlay-opacity":"","overlay-gradient":""},"tablet":{"background-color":"var(--ast-global-color-5)","background-image":"","background-repeat":"repeat","background-position":"center center","background-size":"auto","background-attachment":"scroll","background-type":"","background-media":"","overlay-type":"","overlay-color":"","overlay-opacity":"","overlay-gradient":""},"mobile":{"background-color":"var(--ast-global-color-5)","background-image":"","background-repeat":"repeat","background-position":"center center","background-size":"auto","background-attachment":"scroll","background-type":"","background-media":"","overlay-type":"","overlay-color":"","overlay-opacity":"","overlay-gradient":""}}},"product_brand":[],"product_cat":[20],"product_tag":[],"class_list":{"0":"post-3473","1":"product","2":"type-product","3":"status-publish","4":"has-post-thumbnail","6":"product_cat-sin-categorizar","7":"desktop-align-left","8":"tablet-align-left","9":"mobile-align-left","10":"ast-product-gallery-layout-horizontal-slider","11":"ast-product-single-variable","12":"ast-product-tabs-layout-horizontal","14":"first","15":"instock","16":"shipping-taxable","17":"purchasable","18":"product-type-variable"},"yoast_head":"<!-- This site is optimized with the Yoast SEO plugin v26.6 - https:\/\/yoast.com\/wordpress\/plugins\/seo\/ -->\n<title>Pack Escapada 3 noches en pareja | Aparthotel en Cala en Porter<\/title>\n<meta name=\"description\" content=\"Vive una escapada en pareja en Menorca: tranquilidad, calas, atardeceres y una estancia acogedora en Nelva Resort para disfrutar juntos de la isla.\" \/>\n<meta name=\"robots\" content=\"index, follow, max-snippet:-1, max-image-preview:large, max-video-preview:-1\" \/>\n<link rel=\"canonical\" href=\"https:\/\/nelvaresort.com\/fr\/pack\/pack-escapada-3-dias-en-pareja-2-personas\/\" \/>\n<meta property=\"og:locale\" content=\"fr_FR\" \/>\n<meta property=\"og:type\" content=\"article\" \/>\n<meta property=\"og:title\" content=\"Pack Escapada 3 noches en pareja | Aparthotel en Cala en Porter\" \/>\n<meta property=\"og:description\" content=\"Vive una escapada en pareja en Menorca: tranquilidad, calas, atardeceres y una estancia acogedora en Nelva Resort para disfrutar juntos de la isla.\" \/>\n<meta property=\"og:url\" content=\"https:\/\/nelvaresort.com\/fr\/pack\/pack-escapada-3-dias-en-pareja-2-personas\/\" \/>\n<meta property=\"og:site_name\" content=\"Nelva Resort | Apartamentos en Menorca | Web Oficial\" \/>\n<meta property=\"article:publisher\" content=\"https:\/\/www.facebook.com\/NelvaResortMenorca\" \/>\n<meta property=\"article:modified_time\" content=\"2025-12-04T15:56:31+00:00\" \/>\n<meta property=\"og:image\" content=\"https:\/\/nelvaresort.com\/wp-content\/uploads\/2023\/09\/Nelva-Apartamentos-en-Menorca-126-2.jpg\" \/>\n\t<meta property=\"og:image:width\" content=\"1920\" \/>\n\t<meta property=\"og:image:height\" content=\"996\" \/>\n\t<meta property=\"og:image:type\" content=\"image\/jpeg\" \/>\n<meta name=\"twitter:card\" content=\"summary_large_image\" \/>\n<meta name=\"twitter:label1\" content=\"Dur\u00e9e de lecture estim\u00e9e\" \/>\n\t<meta name=\"twitter:data1\" content=\"2 minutes\" \/>\n<script type=\"application\/ld+json\" class=\"yoast-schema-graph\">{\"@context\":\"https:\/\/schema.org\",\"@graph\":[{\"@type\":\"WebPage\",\"@id\":\"https:\/\/nelvaresort.com\/pack\/pack-escapada-3-dias-en-pareja-2-personas\/\",\"url\":\"https:\/\/nelvaresort.com\/pack\/pack-escapada-3-dias-en-pareja-2-personas\/\",\"name\":\"Pack Escapada 3 noches en pareja | Aparthotel en Cala en Porter\",\"isPartOf\":{\"@id\":\"https:\/\/nelvaresort.com\/#website\"},\"primaryImageOfPage\":{\"@id\":\"https:\/\/nelvaresort.com\/pack\/pack-escapada-3-dias-en-pareja-2-personas\/#primaryimage\"},\"image\":{\"@id\":\"https:\/\/nelvaresort.com\/pack\/pack-escapada-3-dias-en-pareja-2-personas\/#primaryimage\"},\"thumbnailUrl\":\"https:\/\/nelvaresort.com\/wp-content\/uploads\/2023\/09\/Nelva-Apartamentos-en-Menorca-126-2.jpg\",\"datePublished\":\"2023-09-21T14:44:06+00:00\",\"dateModified\":\"2025-12-04T15:56:31+00:00\",\"description\":\"Vive una escapada en pareja en Menorca: tranquilidad, calas, atardeceres y una estancia acogedora en Nelva Resort para disfrutar juntos de la isla.\",\"breadcrumb\":{\"@id\":\"https:\/\/nelvaresort.com\/pack\/pack-escapada-3-dias-en-pareja-2-personas\/#breadcrumb\"},\"inLanguage\":\"fr-FR\",\"potentialAction\":[{\"@type\":\"ReadAction\",\"target\":[\"https:\/\/nelvaresort.com\/pack\/pack-escapada-3-dias-en-pareja-2-personas\/\"]}]},{\"@type\":\"ImageObject\",\"inLanguage\":\"fr-FR\",\"@id\":\"https:\/\/nelvaresort.com\/pack\/pack-escapada-3-dias-en-pareja-2-personas\/#primaryimage\",\"url\":\"https:\/\/nelvaresort.com\/wp-content\/uploads\/2023\/09\/Nelva-Apartamentos-en-Menorca-126-2.jpg\",\"contentUrl\":\"https:\/\/nelvaresort.com\/wp-content\/uploads\/2023\/09\/Nelva-Apartamentos-en-Menorca-126-2.jpg\",\"width\":1920,\"height\":996},{\"@type\":\"BreadcrumbList\",\"@id\":\"https:\/\/nelvaresort.com\/pack\/pack-escapada-3-dias-en-pareja-2-personas\/#breadcrumb\",\"itemListElement\":[{\"@type\":\"ListItem\",\"position\":1,\"name\":\"Portada\",\"item\":\"https:\/\/nelvaresort.com\/\"},{\"@type\":\"ListItem\",\"position\":2,\"name\":\"Pack Escapada 3 noches en pareja\"}]},{\"@type\":\"WebSite\",\"@id\":\"https:\/\/nelvaresort.com\/#website\",\"url\":\"https:\/\/nelvaresort.com\/\",\"name\":\"Aparthotel en Menorca | Nelva Resort\",\"description\":\"Apartamentos en Menorca al mejor precio. Aparthotel ubicado en la playa de Cala\u2019n Porter de Menorca. Reserva aqu\u00ed.\",\"publisher\":{\"@id\":\"https:\/\/nelvaresort.com\/#organization\"},\"potentialAction\":[{\"@type\":\"SearchAction\",\"target\":{\"@type\":\"EntryPoint\",\"urlTemplate\":\"https:\/\/nelvaresort.com\/?s={search_term_string}\"},\"query-input\":{\"@type\":\"PropertyValueSpecification\",\"valueRequired\":true,\"valueName\":\"search_term_string\"}}],\"inLanguage\":\"fr-FR\"},{\"@type\":\"Organization\",\"@id\":\"https:\/\/nelvaresort.com\/#organization\",\"name\":\"Aparthotel en Menorca | Nelva Resort\",\"url\":\"https:\/\/nelvaresort.com\/\",\"logo\":{\"@type\":\"ImageObject\",\"inLanguage\":\"fr-FR\",\"@id\":\"https:\/\/nelvaresort.com\/#\/schema\/logo\/image\/\",\"url\":\"https:\/\/nelvaresort.com\/wp-content\/uploads\/2023\/06\/nelva-resort-logo.png\",\"contentUrl\":\"https:\/\/nelvaresort.com\/wp-content\/uploads\/2023\/06\/nelva-resort-logo.png\",\"width\":709,\"height\":709,\"caption\":\"Aparthotel en Menorca | Nelva Resort\"},\"image\":{\"@id\":\"https:\/\/nelvaresort.com\/#\/schema\/logo\/image\/\"},\"sameAs\":[\"https:\/\/www.facebook.com\/NelvaResortMenorca\",\"https:\/\/www.instagram.com\/nelvaresortmenorca\/\"]}]}<\/script>\n<!-- \/ Yoast SEO plugin. -->","yoast_head_json":{"title":"Escapade de 3 nuits pour couples | Appart&#039;h\u00f4tel \u00e0 Cala en Porter","description":"Vivez une escapade romantique \u00e0 Minorque\u00a0: tranquillit\u00e9, criques, couchers de soleil et un s\u00e9jour chaleureux au Nelva Resort pour profiter de l\u2019\u00eele \u00e0 deux.","robots":{"index":"index","follow":"follow","max-snippet":"max-snippet:-1","max-image-preview":"max-image-preview:large","max-video-preview":"max-video-preview:-1"},"canonical":"https:\/\/nelvaresort.com\/fr\/pack\/pack-escapada-3-dias-en-pareja-2-personas\/","og_locale":"fr_FR","og_type":"article","og_title":"Pack Escapada 3 noches en pareja | Aparthotel en Cala en Porter","og_description":"Vive una escapada en pareja en Menorca: tranquilidad, calas, atardeceres y una estancia acogedora en Nelva Resort para disfrutar juntos de la isla.","og_url":"https:\/\/nelvaresort.com\/fr\/pack\/pack-escapada-3-dias-en-pareja-2-personas\/","og_site_name":"Nelva Resort | Apartamentos en Menorca | Web Oficial","article_publisher":"https:\/\/www.facebook.com\/NelvaResortMenorca","article_modified_time":"2025-12-04T15:56:31+00:00","og_image":[{"width":1920,"height":996,"url":"https:\/\/nelvaresort.com\/wp-content\/uploads\/2023\/09\/Nelva-Apartamentos-en-Menorca-126-2.jpg","type":"image\/jpeg"}],"twitter_card":"summary_large_image","twitter_misc":{"Dur\u00e9e de lecture estim\u00e9e":"2 minutes"},"schema":{"@context":"https:\/\/schema.org","@graph":[{"@type":"WebPage","@id":"https:\/\/nelvaresort.com\/pack\/pack-escapada-3-dias-en-pareja-2-personas\/","url":"https:\/\/nelvaresort.com\/pack\/pack-escapada-3-dias-en-pareja-2-personas\/","name":"Escapade de 3 nuits pour couples | Appart&#039;h\u00f4tel \u00e0 Cala en Porter","isPartOf":{"@id":"https:\/\/nelvaresort.com\/#website"},"primaryImageOfPage":{"@id":"https:\/\/nelvaresort.com\/pack\/pack-escapada-3-dias-en-pareja-2-personas\/#primaryimage"},"image":{"@id":"https:\/\/nelvaresort.com\/pack\/pack-escapada-3-dias-en-pareja-2-personas\/#primaryimage"},"thumbnailUrl":"https:\/\/nelvaresort.com\/wp-content\/uploads\/2023\/09\/Nelva-Apartamentos-en-Menorca-126-2.jpg","datePublished":"2023-09-21T14:44:06+00:00","dateModified":"2025-12-04T15:56:31+00:00","description":"Vivez une escapade romantique \u00e0 Minorque\u00a0: tranquillit\u00e9, criques, couchers de soleil et un s\u00e9jour chaleureux au Nelva Resort pour profiter de l\u2019\u00eele \u00e0 deux.","breadcrumb":{"@id":"https:\/\/nelvaresort.com\/pack\/pack-escapada-3-dias-en-pareja-2-personas\/#breadcrumb"},"inLanguage":"fr-FR","potentialAction":[{"@type":"ReadAction","target":["https:\/\/nelvaresort.com\/pack\/pack-escapada-3-dias-en-pareja-2-personas\/"]}]},{"@type":"ImageObject","inLanguage":"fr-FR","@id":"https:\/\/nelvaresort.com\/pack\/pack-escapada-3-dias-en-pareja-2-personas\/#primaryimage","url":"https:\/\/nelvaresort.com\/wp-content\/uploads\/2023\/09\/Nelva-Apartamentos-en-Menorca-126-2.jpg","contentUrl":"https:\/\/nelvaresort.com\/wp-content\/uploads\/2023\/09\/Nelva-Apartamentos-en-Menorca-126-2.jpg","width":1920,"height":996},{"@type":"BreadcrumbList","@id":"https:\/\/nelvaresort.com\/pack\/pack-escapada-3-dias-en-pareja-2-personas\/#breadcrumb","itemListElement":[{"@type":"ListItem","position":1,"name":"Portada","item":"https:\/\/nelvaresort.com\/"},{"@type":"ListItem","position":2,"name":"Pack Escapada 3 noches en pareja"}]},{"@type":"WebSite","@id":"https:\/\/nelvaresort.com\/#website","url":"https:\/\/nelvaresort.com\/","name":"Appart-h\u00f4tel \u00e0 Minorque | H\u00f4tel Nelva","description":"Appartements \u00e0 Minorque au meilleur prix. Appart&#039;h\u00f4tel situ\u00e9 sur la plage de Cala&#039;n Porter \u00e0 Minorque. R\u00e9servez ici.","publisher":{"@id":"https:\/\/nelvaresort.com\/#organization"},"potentialAction":[{"@type":"SearchAction","target":{"@type":"EntryPoint","urlTemplate":"https:\/\/nelvaresort.com\/?s={search_term_string}"},"query-input":{"@type":"PropertyValueSpecification","valueRequired":true,"valueName":"search_term_string"}}],"inLanguage":"fr-FR"},{"@type":"Organization","@id":"https:\/\/nelvaresort.com\/#organization","name":"Appart-h\u00f4tel \u00e0 Minorque | H\u00f4tel Nelva","url":"https:\/\/nelvaresort.com\/","logo":{"@type":"ImageObject","inLanguage":"fr-FR","@id":"https:\/\/nelvaresort.com\/#\/schema\/logo\/image\/","url":"https:\/\/nelvaresort.com\/wp-content\/uploads\/2023\/06\/nelva-resort-logo.png","contentUrl":"https:\/\/nelvaresort.com\/wp-content\/uploads\/2023\/06\/nelva-resort-logo.png","width":709,"height":709,"caption":"Aparthotel en Menorca | Nelva Resort"},"image":{"@id":"https:\/\/nelvaresort.com\/#\/schema\/logo\/image\/"},"sameAs":["https:\/\/www.facebook.com\/NelvaResortMenorca","https:\/\/www.instagram.com\/nelvaresortmenorca\/"]}]}},"_links":{"self":[{"href":"https:\/\/nelvaresort.com\/fr\/wp-json\/wp\/v2\/product\/3473","targetHints":{"allow":["GET"]}}],"collection":[{"href":"https:\/\/nelvaresort.com\/fr\/wp-json\/wp\/v2\/product"}],"about":[{"href":"https:\/\/nelvaresort.com\/fr\/wp-json\/wp\/v2\/types\/product"}],"replies":[{"embeddable":true,"href":"https:\/\/nelvaresort.com\/fr\/wp-json\/wp\/v2\/comments?post=3473"}],"wp:featuredmedia":[{"embeddable":true,"href":"https:\/\/nelvaresort.com\/fr\/wp-json\/wp\/v2\/media\/3441"}],"wp:attachment":[{"href":"https:\/\/nelvaresort.com\/fr\/wp-json\/wp\/v2\/media?parent=3473"}],"wp:term":[{"taxonomy":"product_brand","embeddable":true,"href":"https:\/\/nelvaresort.com\/fr\/wp-json\/wp\/v2\/product_brand?post=3473"},{"taxonomy":"product_cat","embeddable":true,"href":"https:\/\/nelvaresort.com\/fr\/wp-json\/wp\/v2\/product_cat?post=3473"},{"taxonomy":"product_tag","embeddable":true,"href":"https:\/\/nelvaresort.com\/fr\/wp-json\/wp\/v2\/product_tag?post=3473"}],"curies":[{"name":"wp","href":"https:\/\/api.w.org\/{rel}","templated":true}]}}