{"id":3766,"date":"2024-04-04T16:35:26","date_gmt":"2024-04-04T16:35:26","guid":{"rendered":"https:\/\/nelvaresort.com\/?page_id=3766"},"modified":"2025-12-04T15:24:45","modified_gmt":"2025-12-04T15:24:45","slug":"politica-de-cookies","status":"publish","type":"page","link":"https:\/\/nelvaresort.com\/fr\/politica-de-cookies\/","title":{"rendered":"Politique relative aux cookies"},"content":{"rendered":"<div data-elementor-type=\"wp-page\" data-elementor-id=\"3766\" class=\"elementor elementor-3766\" data-elementor-post-type=\"page\">\n\t\t\t\t\t\t<section class=\"elementor-section elementor-top-section elementor-element elementor-element-23ec0ee elementor-section-boxed elementor-section-height-default elementor-section-height-default\" data-id=\"23ec0ee\" data-element_type=\"section\" data-e-type=\"section\">\n\t\t\t\t\t\t<div class=\"elementor-container elementor-column-gap-default\">\n\t\t\t\t\t<div class=\"elementor-column elementor-col-100 elementor-top-column elementor-element elementor-element-118e7c8\" data-id=\"118e7c8\" data-element_type=\"column\" data-e-type=\"column\">\n\t\t\t<div class=\"elementor-widget-wrap elementor-element-populated\">\n\t\t\t\t\t\t<div class=\"elementor-element elementor-element-939cc76 elementor-widget elementor-widget-text-editor\" data-id=\"939cc76\" data-element_type=\"widget\" data-e-type=\"widget\" data-widget_type=\"text-editor.default\">\n\t\t\t\t\t\t\t\t\t<h1 class=\"wp-block-heading\">Politique relative aux cookies<\/h1>\n<p><!-- \/wp:heading --><\/p>\n<p><!-- wp:paragraph --><\/p>\n<p>Date : 26 mars 2024<\/p>\n<p><!-- \/wp:paragraph --><\/p>\n<p><!-- wp:heading {\"level\":3} --><\/p>\n<h3 class=\"wp-block-heading\">Que sont les cookies ?<\/h3>\n<p><!-- \/wp:heading --><\/p>\n<p><!-- wp:paragraph --><\/p>\n<p>Cette politique relative aux cookies explique ce que sont les cookies et comment nous les utilisons, les types de cookies que nous utilisons (c\u2019est-\u00e0-dire les informations que nous recueillons par le biais des cookies et comment ces informations sont utilis\u00e9es) et comment g\u00e9rer vos param\u00e8tres de cookies.<br \/>Les cookies sont de petits fichiers texte utilis\u00e9s pour stocker de petites quantit\u00e9s d&#039;informations. Ils sont enregistr\u00e9s sur votre appareil lorsque le site web se charge dans votre navigateur. Ces cookies nous permettent d&#039;assurer le bon fonctionnement du site, d&#039;am\u00e9liorer sa s\u00e9curit\u00e9 et votre exp\u00e9rience utilisateur, et de comprendre ses performances afin d&#039;identifier les points forts et les axes d&#039;am\u00e9lioration.<\/p>\n<p><!-- \/wp:paragraph --><\/p>\n<p><!-- wp:heading {\"level\":3} --><\/p>\n<h3 class=\"wp-block-heading\">Comment utilisons-nous les cookies ?<\/h3>\n<p><!-- \/wp:heading --><\/p>\n<p><!-- wp:paragraph --><\/p>\n<p>Comme la plupart des services en ligne, notre site web utilise des cookies internes et tiers \u00e0 diverses fins. Les cookies internes sont principalement n\u00e9cessaires au bon fonctionnement du site et ne collectent aucune information permettant de vous identifier personnellement.<br \/>Les cookies tiers utilis\u00e9s sur notre site Web servent principalement \u00e0 comprendre les performances du site, votre interaction avec celui-ci, \u00e0 assurer la s\u00e9curit\u00e9 de nos services, \u00e0 vous proposer des publicit\u00e9s pertinentes et, de mani\u00e8re g\u00e9n\u00e9rale, \u00e0 vous offrir une exp\u00e9rience utilisateur am\u00e9lior\u00e9e et \u00e0 faciliter vos futures interactions avec notre site.<\/p>\n<p><!-- \/wp:paragraph --><\/p>\n<p><!-- wp:heading {\"level\":3} --><\/p>\n<h3 class=\"wp-block-heading\">Types de cookies que nous utilisons\u00a0<\/h3>\n<h3>N\u00e9cessaire<\/h3>\n<div class=\"cky-audit-table-element\">\n<div class=\"cky-category-des\">\n<p>Les cookies n\u00e9cessaires sont indispensables au fonctionnement de base du site web\u00a0; sans eux, le site ne fonctionnera pas correctement. Ces cookies ne stockent aucune information permettant de vous identifier personnellement.<\/p>\n<\/div>\n<div class=\"cky-table-wrapper\">\n<table class=\"cky-cookie-audit-table\">\n<thead>\n<tr>\n<th>Cookie<\/th>\n<th>Dur\u00e9e<\/th>\n<th>Description<\/th>\n<\/tr>\n<\/thead>\n<tbody>\n<tr>\n<td>cookielawinfo-checkbox-necessary<\/td>\n<td>1 an<\/td>\n<td>D\u00e9fini par l&#039;extension GDPR Cookie Consent, ce cookie enregistre le consentement de l&#039;utilisateur pour les cookies de la cat\u00e9gorie \u201c\u00a0N\u00e9cessaires\u00a0\u201d.<\/td>\n<\/tr>\n<tr>\n<td>cookielawinfo-checkbox-fonctionnel<\/td>\n<td>1 an<\/td>\n<td>Le plugin GDPR Cookie Consent configure le cookie pour enregistrer le consentement de l&#039;utilisateur concernant les cookies de la cat\u00e9gorie \u201c\u00a0Fonctionnels\u00a0\u201d.<\/td>\n<\/tr>\n<tr>\n<td>cookielawinfo-checkbox-performance<\/td>\n<td>1 an<\/td>\n<td>D\u00e9fini par l&#039;extension GDPR Cookie Consent, ce cookie enregistre le consentement de l&#039;utilisateur pour les cookies de la cat\u00e9gorie \u201c\u00a0Performance\u00a0\u201d.<\/td>\n<\/tr>\n<tr>\n<td>cookielawinfo-checkbox-analytics<\/td>\n<td>1 an<\/td>\n<td>D\u00e9fini par l&#039;extension GDPR Cookie Consent, ce cookie enregistre le consentement de l&#039;utilisateur pour les cookies de la cat\u00e9gorie \u201c\u00a0Analytics\u00a0\u201d.<\/td>\n<\/tr>\n<tr>\n<td>publicit\u00e9 sur la loi des cookies<\/td>\n<td>1 an<\/td>\n<td>D\u00e9fini par l&#039;extension GDPR Cookie Consent, ce cookie enregistre le consentement de l&#039;utilisateur pour les cookies de la cat\u00e9gorie \u201c\u00a0Publicit\u00e9\u00a0\u201d.<\/td>\n<\/tr>\n<tr>\n<td>cookielawinfo-checkbox-others<\/td>\n<td>1 an<\/td>\n<td>D\u00e9fini par l&#039;extension GDPR Cookie Consent, ce cookie enregistre le consentement de l&#039;utilisateur pour les cookies de la cat\u00e9gorie \u201c\u00a0Autres\u00a0\u201d.<\/td>\n<\/tr>\n<tr>\n<td>\u00c9l\u00e9mentaire<\/td>\n<td>Jamais<\/td>\n<td>Le th\u00e8me WordPress du site web utilise ce cookie. Il permet au propri\u00e9taire du site de mettre \u00e0 jour ou de modifier le contenu du site en temps r\u00e9el.<\/td>\n<\/tr>\n<\/tbody>\n<\/table>\n<\/div>\n<h3>Fonctionnel<\/h3>\n<div class=\"cky-category-des\">\n<p>Les cookies fonctionnels permettent d&#039;effectuer certaines actions, comme le partage de contenu de site web sur les r\u00e9seaux sociaux, la collecte de commentaires et d&#039;autres fonctionnalit\u00e9s tierces.<\/p>\n<\/div>\n<div class=\"cky-table-wrapper\">\n<table class=\"cky-cookie-audit-table\">\n<thead>\n<tr>\n<th>Cookie<\/th>\n<th>Dur\u00e9e<\/th>\n<th>Description<\/th>\n<\/tr>\n<\/thead>\n<tbody>\n<tr>\n<td>_lscache_variable<\/td>\n<td>2 jours<\/td>\n<td>Litespeed utilise ce cookie pour emp\u00eacher la mise en cache des pages.<\/td>\n<\/tr>\n<\/tbody>\n<\/table>\n<\/div>\n<h3>Analytique<\/h3>\n<div class=\"cky-category-des\">\n<p>Les cookies analytiques servent \u00e0 comprendre comment les visiteurs interagissent avec le site web. Ces cookies permettent d&#039;obtenir des informations sur des indicateurs tels que le nombre de visiteurs, le taux de rebond, la source du trafic, etc.<\/p>\n<\/div>\n<div class=\"cky-table-wrapper\">\n<table class=\"cky-cookie-audit-table\">\n<thead>\n<tr>\n<th>Cookie<\/th>\n<th>Dur\u00e9e<\/th>\n<th>Description<\/th>\n<\/tr>\n<\/thead>\n<tbody>\n<tr>\n<td>_gcl_au<\/td>\n<td>3 mois<\/td>\n<td>Google Tag Manager installe un cookie pour tester l&#039;efficacit\u00e9 publicitaire des sites web qui utilisent ses services.<\/td>\n<\/tr>\n<tr>\n<td>_G\u00e9orgie_*<\/td>\n<td>1 an, 1 mois et 4 jours<\/td>\n<td>Google Analytics utilise ce cookie pour stocker et compter les pages vues.<\/td>\n<\/tr>\n<tr>\n<td>_G\u00e9orgie<\/td>\n<td>1 an, 1 mois et 4 jours<\/td>\n<td>Google Analytics utilise ce cookie pour calculer les donn\u00e9es relatives aux visiteurs, aux sessions et aux campagnes, et pour suivre l&#039;utilisation du site afin d&#039;\u00e9tablir le rapport d&#039;analyse. Ce cookie stocke les informations de mani\u00e8re anonyme et attribue un num\u00e9ro g\u00e9n\u00e9r\u00e9 al\u00e9atoirement pour identifier les visiteurs uniques.<\/td>\n<\/tr>\n<tr>\n<td>_fbp<\/td>\n<td>3 mois<\/td>\n<td>Facebook utilise ce cookie pour afficher des publicit\u00e9s sur Facebook ou sur une plateforme num\u00e9rique diffusant de la publicit\u00e9 Facebook apr\u00e8s la visite du site web.<\/td>\n<\/tr>\n<tr>\n<td>_gid<\/td>\n<td>1 jour<\/td>\n<td>Google Analytics utilise ce cookie pour enregistrer des informations sur la fa\u00e7on dont les visiteurs utilisent un site web et pour g\u00e9n\u00e9rer un rapport analytique sur les performances du site. Parmi les donn\u00e9es collect\u00e9es figurent le nombre de visiteurs, leur origine et les pages qu&#039;ils consultent, de mani\u00e8re anonyme.<\/td>\n<\/tr>\n<tr>\n<td>_gat_gtag_UA_*<\/td>\n<td>1 minute<\/td>\n<td>Google Analytics utilise ce cookie pour stocker un identifiant utilisateur unique.<\/td>\n<\/tr>\n<\/tbody>\n<\/table>\n<\/div>\n<\/div>\t\t\t\t\t\t\t\t<\/div>\n\t\t\t\t\t<\/div>\n\t\t<\/div>\n\t\t\t\t\t<\/div>\n\t\t<\/section>\n\t\t\t\t<section class=\"elementor-section elementor-top-section elementor-element elementor-element-18d39bb elementor-section-boxed elementor-section-height-default elementor-section-height-default\" data-id=\"18d39bb\" data-element_type=\"section\" data-e-type=\"section\">\n\t\t\t\t\t\t<div class=\"elementor-container elementor-column-gap-default\">\n\t\t\t\t\t<div class=\"elementor-column elementor-col-100 elementor-top-column elementor-element elementor-element-d76eb3c\" data-id=\"d76eb3c\" data-element_type=\"column\" data-e-type=\"column\">\n\t\t\t<div class=\"elementor-widget-wrap elementor-element-populated\">\n\t\t\t\t\t\t<div class=\"elementor-element elementor-element-65c7a93 elementor-widget elementor-widget-text-editor\" data-id=\"65c7a93\" data-element_type=\"widget\" data-e-type=\"widget\" data-widget_type=\"text-editor.default\">\n\t\t\t\t\t\t\t\t\t<h3>G\u00e9rer les pr\u00e9f\u00e9rences relatives aux cookies<\/h3>\n<p><!-- \/wp:heading --><\/p>\n<p><!-- wp:paragraph --><\/p>\n<p><strong>Param\u00e8tres des cookies\u00a0<\/strong><a class=\"cky-banner-element\" style=\"font-size: 1rem;\">Param\u00e8tres des cookies<\/a><\/p>\n<p>Vous pouvez modifier vos pr\u00e9f\u00e9rences en mati\u00e8re de cookies \u00e0 tout moment en cliquant sur le bouton ci-dessus.<\/p>\n<p>Cela vous permettra de consulter \u00e0 nouveau la banni\u00e8re de consentement aux cookies et de modifier vos pr\u00e9f\u00e9rences ou de retirer votre consentement imm\u00e9diatement.<\/p>\n<p>De plus, diff\u00e9rents navigateurs proposent diff\u00e9rentes m\u00e9thodes pour bloquer et supprimer les cookies utilis\u00e9s par les sites web.<\/p>\n<p class=\"wp-block-heading\">Vous pouvez modifier les param\u00e8tres de votre navigateur pour bloquer\/supprimer les cookies.<\/p>\n<p><strong>Vous trouverez ci-dessous des liens vers des documents d&#039;aide expliquant comment g\u00e9rer et supprimer les cookies pour les principaux navigateurs Web\u00a0:<\/strong><\/p>\n<p><!-- \/wp:paragraph --><\/p>\n<p><!-- wp:paragraph --><\/p>\n<p><strong>Chrome<\/strong>: <a href=\"https:\/\/support.google.com\/accounts\/answer\/32050\" target=\"_blank\" rel=\"noreferrer noopener\">https:\/\/support.google.com\/accounts\/answer\/32050<\/a><br \/><strong>Safari<\/strong>: <a href=\"https:\/\/support.apple.com\/en-in\/guide\/safari\/sfri11471\/mac\" target=\"_blank\" rel=\"noreferrer noopener\">https:\/\/support.apple.com\/en-in\/guide\/safari\/sfri11471\/mac<\/a><br \/><strong>Firefox<\/strong>: <a href=\"https:\/\/support.mozilla.org\/en-US\/kb\/clear-cookies-and-site-data-firefox?redirectslug=delete-cookies-remove-info-websites-stored&amp;redirectlocale=en-US\" target=\"_blank\" rel=\"noreferrer noopener\">https:\/\/support.mozilla.org\/en-US\/kb\/clear-cookies-and-site-data-firefox?redirectslug=delete-cookies-remove-info-websites-stored&amp;redirectlocale=en-US<\/a><br \/><strong>Internet Explorer<\/strong>: <a href=\"https:\/\/support.microsoft.com\/en-us\/topic\/how-to-delete-cookie-files-in-internet-explorer-bca9446f-d873-78de-77ba-d42645fa52fc\" target=\"_blank\" rel=\"noreferrer noopener\">https:\/\/support.microsoft.com\/en-us\/topic\/how-to-delete-cookie-files-in-internet-explorer-bca9446f-d873-78de-77ba-d42645fa52fc<\/a><\/p>\n<p><span style=\"font-style: inherit; font-weight: inherit; background-color: var(--ast-global-color-5); color: var(--ast-global-color-3);\">\u00a0<\/span><\/p>\n<p>Si vous utilisez un autre navigateur Web, veuillez consulter la documentation d&#039;assistance officielle de votre navigateur.<\/p>\t\t\t\t\t\t\t\t<\/div>\n\t\t\t\t\t<\/div>\n\t\t<\/div>\n\t\t\t\t\t<\/div>\n\t\t<\/section>\n\t\t\t\t<\/div>","protected":false},"excerpt":{"rendered":"<p>Pol\u00edtica de Cookies Fecha: 26 de marzo de 2024 \u00bfQu\u00e9 son las cookies? Esta Pol\u00edtica de cookies explica qu\u00e9 son las cookies y c\u00f3mo las usamos, los tipos de cookies que utilizamos, es decir, la informaci\u00f3n que recopilamos mediante cookies y c\u00f3mo se usa esa informaci\u00f3n, y c\u00f3mo administrar la configuraci\u00f3n de las cookies.Las cookies [&hellip;]<\/p>\n","protected":false},"author":2,"featured_media":0,"parent":0,"menu_order":0,"comment_status":"closed","ping_status":"closed","template":"","meta":{"site-sidebar-layout":"no-sidebar","site-content-layout":"page-builder","ast-site-content-layout":"full-width-container","site-content-style":"default","site-sidebar-style":"default","ast-global-header-display":"","ast-banner-title-visibility":"","ast-main-header-display":"","ast-hfb-above-header-display":"","ast-hfb-below-header-display":"","ast-hfb-mobile-header-display":"","site-post-title":"disabled","ast-breadcrumbs-content":"","ast-featured-img":"disabled","footer-sml-layout":"","theme-transparent-header-meta":"","adv-header-id-meta":"","stick-header-meta":"","header-above-stick-meta":"","header-main-stick-meta":"","header-below-stick-meta":"","astra-migrate-meta-layouts":"set","ast-page-background-enabled":"default","ast-page-background-meta":{"desktop":{"background-color":"","background-image":"","background-repeat":"repeat","background-position":"center center","background-size":"auto","background-attachment":"scroll","background-type":"","background-media":"","overlay-type":"","overlay-color":"","overlay-opacity":"","overlay-gradient":""},"tablet":{"background-color":"","background-image":"","background-repeat":"repeat","background-position":"center center","background-size":"auto","background-attachment":"scroll","background-type":"","background-media":"","overlay-type":"","overlay-color":"","overlay-opacity":"","overlay-gradient":""},"mobile":{"background-color":"","background-image":"","background-repeat":"repeat","background-position":"center center","background-size":"auto","background-attachment":"scroll","background-type":"","background-media":"","overlay-type":"","overlay-color":"","overlay-opacity":"","overlay-gradient":""}},"ast-content-background-meta":{"desktop":{"background-color":"var(--ast-global-color-5)","background-image":"","background-repeat":"repeat","background-position":"center center","background-size":"auto","background-attachment":"scroll","background-type":"","background-media":"","overlay-type":"","overlay-color":"","overlay-opacity":"","overlay-gradient":""},"tablet":{"background-color":"var(--ast-global-color-5)","background-image":"","background-repeat":"repeat","background-position":"center center","background-size":"auto","background-attachment":"scroll","background-type":"","background-media":"","overlay-type":"","overlay-color":"","overlay-opacity":"","overlay-gradient":""},"mobile":{"background-color":"var(--ast-global-color-5)","background-image":"","background-repeat":"repeat","background-position":"center center","background-size":"auto","background-attachment":"scroll","background-type":"","background-media":"","overlay-type":"","overlay-color":"","overlay-opacity":"","overlay-gradient":""}},"footnotes":""},"class_list":["post-3766","page","type-page","status-publish","hentry"],"yoast_head":"<!-- This site is optimized with the Yoast SEO plugin v26.6 - https:\/\/yoast.com\/wordpress\/plugins\/seo\/ -->\n<title>Pol\u00edtica de Cookies | Aparthotel en Menorca \u2013 Nelva Resort<\/title>\n<meta name=\"description\" content=\"Consulta la Pol\u00edtica de Cookies de Nelva Resort, aparthotel en Menorca: tipos de cookies usadas, finalidad y c\u00f3mo gestionar tus preferencias.\" \/>\n<meta name=\"robots\" content=\"index, follow, max-snippet:-1, max-image-preview:large, max-video-preview:-1\" \/>\n<link rel=\"canonical\" href=\"https:\/\/nelvaresort.com\/fr\/politica-de-cookies\/\" \/>\n<meta property=\"og:locale\" content=\"fr_FR\" \/>\n<meta property=\"og:type\" content=\"article\" \/>\n<meta property=\"og:title\" content=\"Pol\u00edtica de Cookies | Aparthotel en Menorca \u2013 Nelva Resort\" \/>\n<meta property=\"og:description\" content=\"Consulta la Pol\u00edtica de Cookies de Nelva Resort, aparthotel en Menorca: tipos de cookies usadas, finalidad y c\u00f3mo gestionar tus preferencias.\" \/>\n<meta property=\"og:url\" content=\"https:\/\/nelvaresort.com\/fr\/politica-de-cookies\/\" \/>\n<meta property=\"og:site_name\" content=\"Nelva Resort | Apartamentos en Menorca | Web Oficial\" \/>\n<meta property=\"article:publisher\" content=\"https:\/\/www.facebook.com\/NelvaResortMenorca\" \/>\n<meta property=\"article:modified_time\" content=\"2025-12-04T15:24:45+00:00\" \/>\n<meta property=\"og:image\" content=\"https:\/\/nelvaresort.com\/wp-content\/uploads\/2024\/02\/binibeca-vell-casa.jpg\" \/>\n\t<meta property=\"og:image:width\" content=\"900\" \/>\n\t<meta property=\"og:image:height\" content=\"599\" \/>\n\t<meta property=\"og:image:type\" content=\"image\/jpeg\" \/>\n<meta name=\"twitter:card\" content=\"summary_large_image\" \/>\n<meta name=\"twitter:label1\" content=\"Dur\u00e9e de lecture estim\u00e9e\" \/>\n\t<meta name=\"twitter:data1\" content=\"4 minutes\" \/>\n<script type=\"application\/ld+json\" class=\"yoast-schema-graph\">{\"@context\":\"https:\/\/schema.org\",\"@graph\":[{\"@type\":\"WebPage\",\"@id\":\"https:\/\/nelvaresort.com\/politica-de-cookies\/\",\"url\":\"https:\/\/nelvaresort.com\/politica-de-cookies\/\",\"name\":\"Pol\u00edtica de Cookies | Aparthotel en Menorca \u2013 Nelva Resort\",\"isPartOf\":{\"@id\":\"https:\/\/nelvaresort.com\/#website\"},\"datePublished\":\"2024-04-04T16:35:26+00:00\",\"dateModified\":\"2025-12-04T15:24:45+00:00\",\"description\":\"Consulta la Pol\u00edtica de Cookies de Nelva Resort, aparthotel en Menorca: tipos de cookies usadas, finalidad y c\u00f3mo gestionar tus preferencias.\",\"breadcrumb\":{\"@id\":\"https:\/\/nelvaresort.com\/politica-de-cookies\/#breadcrumb\"},\"inLanguage\":\"fr-FR\",\"potentialAction\":[{\"@type\":\"ReadAction\",\"target\":[\"https:\/\/nelvaresort.com\/politica-de-cookies\/\"]}]},{\"@type\":\"BreadcrumbList\",\"@id\":\"https:\/\/nelvaresort.com\/politica-de-cookies\/#breadcrumb\",\"itemListElement\":[{\"@type\":\"ListItem\",\"position\":1,\"name\":\"Portada\",\"item\":\"https:\/\/nelvaresort.com\/\"},{\"@type\":\"ListItem\",\"position\":2,\"name\":\"Pol\u00edtica de Cookies\"}]},{\"@type\":\"WebSite\",\"@id\":\"https:\/\/nelvaresort.com\/#website\",\"url\":\"https:\/\/nelvaresort.com\/\",\"name\":\"Aparthotel en Menorca | Nelva Resort\",\"description\":\"Apartamentos en Menorca al mejor precio. Aparthotel ubicado en la playa de Cala\u2019n Porter de Menorca. Reserva aqu\u00ed.\",\"publisher\":{\"@id\":\"https:\/\/nelvaresort.com\/#organization\"},\"potentialAction\":[{\"@type\":\"SearchAction\",\"target\":{\"@type\":\"EntryPoint\",\"urlTemplate\":\"https:\/\/nelvaresort.com\/?s={search_term_string}\"},\"query-input\":{\"@type\":\"PropertyValueSpecification\",\"valueRequired\":true,\"valueName\":\"search_term_string\"}}],\"inLanguage\":\"fr-FR\"},{\"@type\":\"Organization\",\"@id\":\"https:\/\/nelvaresort.com\/#organization\",\"name\":\"Aparthotel en Menorca | Nelva Resort\",\"url\":\"https:\/\/nelvaresort.com\/\",\"logo\":{\"@type\":\"ImageObject\",\"inLanguage\":\"fr-FR\",\"@id\":\"https:\/\/nelvaresort.com\/#\/schema\/logo\/image\/\",\"url\":\"https:\/\/nelvaresort.com\/wp-content\/uploads\/2023\/06\/nelva-resort-logo.png\",\"contentUrl\":\"https:\/\/nelvaresort.com\/wp-content\/uploads\/2023\/06\/nelva-resort-logo.png\",\"width\":709,\"height\":709,\"caption\":\"Aparthotel en Menorca | Nelva Resort\"},\"image\":{\"@id\":\"https:\/\/nelvaresort.com\/#\/schema\/logo\/image\/\"},\"sameAs\":[\"https:\/\/www.facebook.com\/NelvaResortMenorca\",\"https:\/\/www.instagram.com\/nelvaresortmenorca\/\"]}]}<\/script>\n<!-- \/ Yoast SEO plugin. -->","yoast_head_json":{"title":"Politique en mati\u00e8re de cookies | Appart-h\u00f4tel \u00e0 Minorque \u2013 Nelva Resort","description":"Consultez la politique en mati\u00e8re de cookies du Nelva Resort, appart&#039;h\u00f4tel \u00e0 Minorque\u00a0: types de cookies utilis\u00e9s, finalit\u00e9 et comment g\u00e9rer vos pr\u00e9f\u00e9rences.","robots":{"index":"index","follow":"follow","max-snippet":"max-snippet:-1","max-image-preview":"max-image-preview:large","max-video-preview":"max-video-preview:-1"},"canonical":"https:\/\/nelvaresort.com\/fr\/politica-de-cookies\/","og_locale":"fr_FR","og_type":"article","og_title":"Pol\u00edtica de Cookies | Aparthotel en Menorca \u2013 Nelva Resort","og_description":"Consulta la Pol\u00edtica de Cookies de Nelva Resort, aparthotel en Menorca: tipos de cookies usadas, finalidad y c\u00f3mo gestionar tus preferencias.","og_url":"https:\/\/nelvaresort.com\/fr\/politica-de-cookies\/","og_site_name":"Nelva Resort | Apartamentos en Menorca | Web Oficial","article_publisher":"https:\/\/www.facebook.com\/NelvaResortMenorca","article_modified_time":"2025-12-04T15:24:45+00:00","og_image":[{"width":900,"height":599,"url":"https:\/\/nelvaresort.com\/wp-content\/uploads\/2024\/02\/binibeca-vell-casa.jpg","type":"image\/jpeg"}],"twitter_card":"summary_large_image","twitter_misc":{"Dur\u00e9e de lecture estim\u00e9e":"4 minutes"},"schema":{"@context":"https:\/\/schema.org","@graph":[{"@type":"WebPage","@id":"https:\/\/nelvaresort.com\/politica-de-cookies\/","url":"https:\/\/nelvaresort.com\/politica-de-cookies\/","name":"Politique en mati\u00e8re de cookies | Appart-h\u00f4tel \u00e0 Minorque \u2013 Nelva Resort","isPartOf":{"@id":"https:\/\/nelvaresort.com\/#website"},"datePublished":"2024-04-04T16:35:26+00:00","dateModified":"2025-12-04T15:24:45+00:00","description":"Consultez la politique en mati\u00e8re de cookies du Nelva Resort, appart&#039;h\u00f4tel \u00e0 Minorque\u00a0: types de cookies utilis\u00e9s, finalit\u00e9 et comment g\u00e9rer vos pr\u00e9f\u00e9rences.","breadcrumb":{"@id":"https:\/\/nelvaresort.com\/politica-de-cookies\/#breadcrumb"},"inLanguage":"fr-FR","potentialAction":[{"@type":"ReadAction","target":["https:\/\/nelvaresort.com\/politica-de-cookies\/"]}]},{"@type":"BreadcrumbList","@id":"https:\/\/nelvaresort.com\/politica-de-cookies\/#breadcrumb","itemListElement":[{"@type":"ListItem","position":1,"name":"Portada","item":"https:\/\/nelvaresort.com\/"},{"@type":"ListItem","position":2,"name":"Pol\u00edtica de Cookies"}]},{"@type":"WebSite","@id":"https:\/\/nelvaresort.com\/#website","url":"https:\/\/nelvaresort.com\/","name":"Appart-h\u00f4tel \u00e0 Minorque | H\u00f4tel Nelva","description":"Appartements \u00e0 Minorque au meilleur prix. Appart&#039;h\u00f4tel situ\u00e9 sur la plage de Cala&#039;n Porter \u00e0 Minorque. R\u00e9servez ici.","publisher":{"@id":"https:\/\/nelvaresort.com\/#organization"},"potentialAction":[{"@type":"SearchAction","target":{"@type":"EntryPoint","urlTemplate":"https:\/\/nelvaresort.com\/?s={search_term_string}"},"query-input":{"@type":"PropertyValueSpecification","valueRequired":true,"valueName":"search_term_string"}}],"inLanguage":"fr-FR"},{"@type":"Organization","@id":"https:\/\/nelvaresort.com\/#organization","name":"Appart-h\u00f4tel \u00e0 Minorque | H\u00f4tel Nelva","url":"https:\/\/nelvaresort.com\/","logo":{"@type":"ImageObject","inLanguage":"fr-FR","@id":"https:\/\/nelvaresort.com\/#\/schema\/logo\/image\/","url":"https:\/\/nelvaresort.com\/wp-content\/uploads\/2023\/06\/nelva-resort-logo.png","contentUrl":"https:\/\/nelvaresort.com\/wp-content\/uploads\/2023\/06\/nelva-resort-logo.png","width":709,"height":709,"caption":"Aparthotel en Menorca | Nelva Resort"},"image":{"@id":"https:\/\/nelvaresort.com\/#\/schema\/logo\/image\/"},"sameAs":["https:\/\/www.facebook.com\/NelvaResortMenorca","https:\/\/www.instagram.com\/nelvaresortmenorca\/"]}]}},"_links":{"self":[{"href":"https:\/\/nelvaresort.com\/fr\/wp-json\/wp\/v2\/pages\/3766","targetHints":{"allow":["GET"]}}],"collection":[{"href":"https:\/\/nelvaresort.com\/fr\/wp-json\/wp\/v2\/pages"}],"about":[{"href":"https:\/\/nelvaresort.com\/fr\/wp-json\/wp\/v2\/types\/page"}],"author":[{"embeddable":true,"href":"https:\/\/nelvaresort.com\/fr\/wp-json\/wp\/v2\/users\/2"}],"replies":[{"embeddable":true,"href":"https:\/\/nelvaresort.com\/fr\/wp-json\/wp\/v2\/comments?post=3766"}],"version-history":[{"count":1,"href":"https:\/\/nelvaresort.com\/fr\/wp-json\/wp\/v2\/pages\/3766\/revisions"}],"predecessor-version":[{"id":4385,"href":"https:\/\/nelvaresort.com\/fr\/wp-json\/wp\/v2\/pages\/3766\/revisions\/4385"}],"wp:attachment":[{"href":"https:\/\/nelvaresort.com\/fr\/wp-json\/wp\/v2\/media?parent=3766"}],"curies":[{"name":"wp","href":"https:\/\/api.w.org\/{rel}","templated":true}]}}